{"id":37,"date":"2019-02-20T21:32:54","date_gmt":"2019-02-20T21:32:54","guid":{"rendered":"http:\/\/urslischer.ch\/?page_id=37"},"modified":"2020-04-28T10:27:38","modified_gmt":"2020-04-28T10:27:38","slug":"ueber-mich","status":"publish","type":"page","link":"https:\/\/urslischer.ch\/index.php\/ueber-mich\/","title":{"rendered":"\u00dcber mich"},"content":{"rendered":"\n<div class=\"wp-block-image\"><figure class=\"aligncenter size-large is-resized\"><img loading=\"lazy\" decoding=\"async\" src=\"http:\/\/urslischer.ch\/wp-content\/uploads\/2020\/04\/IMG_9669-768x1024.jpg\" alt=\"\" class=\"wp-image-518\" width=\"222\" height=\"295\" srcset=\"https:\/\/urslischer.ch\/wp-content\/uploads\/2020\/04\/IMG_9669-768x1024.jpg 768w, https:\/\/urslischer.ch\/wp-content\/uploads\/2020\/04\/IMG_9669-225x300.jpg 225w, https:\/\/urslischer.ch\/wp-content\/uploads\/2020\/04\/IMG_9669-1152x1536.jpg 1152w, https:\/\/urslischer.ch\/wp-content\/uploads\/2020\/04\/IMG_9669-1536x2048.jpg 1536w, https:\/\/urslischer.ch\/wp-content\/uploads\/2020\/04\/IMG_9669-scaled.jpg 1920w\" sizes=\"auto, (max-width: 222px) 100vw, 222px\" \/><\/figure><\/div>\n\n\n<p style=\"text-align: left;\">Schon in fr\u00fchen Jahren entdeckte ich, sagt man, den Hang zur Kunst, zum Zeichnen und Malen. Meine ersten Arbeits\ufb02\u00e4chen waren jedoch vor allem die W\u00e4nde und Tapeten in der elterlichen Wohnung, was nicht zur Freude aller war&#8230;<\/p>\n<p style=\"text-align: left;\">Angetan durch die F\u00e4cher Zeichnen und kreatives Gestalten war f\u00fcr mich bald einmal klar, die Kunstgewerbeschule ist das Ziel. Doch wie das Leben manchmal spielt, es kam anders und die Kunst wurde nicht zu meinem Beruf.<\/p>\n<p style=\"text-align: left;\">Also fr\u00f6nte ich weiterhin meinem Hobby und verfeinerte meine Techniken und gestalterischen F\u00e4higkeiten durch Selbststudium, Ausprobieren und Abgucken&#8230;<br>\nSeit meinem 12. Lebensjahr bis heute war ich im wesentlich bei der Gestaltung der Sujets der <a href=\"http:\/\/www.wcl.ch\" target=\"_blank\" rel=\"noopener noreferrer\">Guuggenmusig W\u00e4smali-Chatze<\/a> verantwortlich. Vor allem das Erstellen der Masken mit verschiedenen Materialien und in verschiedenen Techniken faszinierte mich. Auch war ich der \u00abFarbgeber\u00bb der diversen Sujets; dies mit Pinsel und seit einiger Zeit mit Airbrush.<\/p>\n<p style=\"text-align: left;\">Meine K\u00fcnste fanden auch Platz Illustrationen f\u00fcr diverse Einladungen, in Reiseberichten bis hin zu Gedichtb\u00e4nden. Hunderte von Zeichnungen und Bildern wurden so zu bleibenden Erinnerungen f\u00fcr Neugeborene, Jubilare, Hochzeitspaare usw.<br>\nDass es ab und zu auch mal Metall sein darf, welches zu Kerzenst\u00e4ndern verarbeitet wurde, sei nur nebenbei erw\u00e4hnt.&nbsp;<\/p>\n<p style=\"text-align: left;\">Seit die Liebe zum Airbrush erwacht ist, wende ich vor allem diese Technik an. Motorradteile und ganze Motorr\u00e4der, Ski- und T\u00f6ffhelme bis hin zu B\u00fchnenbilder, Treppenh\u00e4user (MoosLicht AG, Reussb\u00fchl), Fasnachtswagen und Requisiten (sprich Totem\u00f6gerli) bei den Fritschispielen wurden von mir geschaffen oder gestaltet. Auch &#8222;fremde&#8220; Masken finden den Weg bereits in mein Atelier bei mir zu Hause um eine spezielle Bemalung zu erhalten.<\/p>\n<p style=\"text-align: left;\">Als Hobby-K\u00fcnstler war es mir nie daran gelegen, meine Objekte auszustellen, denn meistens waren es Auftragsarbeiten. Doch \u00fcberzeugen Sie sich heute selbst, ob aus mir nicht noch was geworden w\u00e4re&#8230;.(wird?)<\/p>\n<p style=\"text-align: left;\">Frage mich an, solltest du einen Wunsch haben, wenn ich ihn erf\u00fcllen kann, dann mache ich es gerne&#8230;nat\u00fcrlich im Airbrushen&#8230;<\/p>\n<p>&nbsp;<\/p>\n<p>&nbsp;<\/p>\n<p>&nbsp;<\/p>\n<p>&nbsp;<\/p>","protected":false},"excerpt":{"rendered":"<p>Schon in fr\u00fchen Jahren entdeckte ich, sagt man, den Hang zur Kunst, zum Zeichnen und Malen. Meine ersten Arbeits\ufb02\u00e4chen waren jedoch vor allem die W\u00e4nde und Tapeten in der elterlichen Wohnung, was nicht zur Freude aller war&#8230; Angetan durch die F\u00e4cher Zeichnen und kreatives Gestalten war f\u00fcr mich bald einmal klar, die Kunstgewerbeschule ist das &hellip; <\/p>\n<p class=\"link-more\"><a href=\"https:\/\/urslischer.ch\/index.php\/ueber-mich\/\" class=\"more-link\"><span class=\"screen-reader-text\">\u201e\u00dcber mich\u201c <\/span>weiterlesen<\/a><\/p>\n","protected":false},"author":1,"featured_media":0,"parent":0,"menu_order":0,"comment_status":"closed","ping_status":"closed","template":"","meta":{"ngg_post_thumbnail":0,"footnotes":""},"class_list":["post-37","page","type-page","status-publish","hentry"],"yoast_head":"<!-- This site is optimized with the Yoast SEO plugin v27.5 - https:\/\/yoast.com\/product\/yoast-seo-wordpress\/ -->\n<title>\u00dcber mich - Urs Lischer Art und Design<\/title>\n<meta name=\"robots\" content=\"index, follow, max-snippet:-1, max-image-preview:large, max-video-preview:-1\" \/>\n<link rel=\"canonical\" href=\"https:\/\/urslischer.ch\/index.php\/ueber-mich\/\" \/>\n<meta property=\"og:locale\" content=\"de_DE\" \/>\n<meta property=\"og:type\" content=\"article\" \/>\n<meta property=\"og:title\" content=\"\u00dcber mich - Urs Lischer Art und Design\" \/>\n<meta property=\"og:description\" content=\"Schon in fr\u00fchen Jahren entdeckte ich, sagt man, den Hang zur Kunst, zum Zeichnen und Malen. Meine ersten Arbeits\ufb02\u00e4chen waren jedoch vor allem die W\u00e4nde und Tapeten in der elterlichen Wohnung, was nicht zur Freude aller war&#8230; Angetan durch die F\u00e4cher Zeichnen und kreatives Gestalten war f\u00fcr mich bald einmal klar, die Kunstgewerbeschule ist das &hellip; \u201e\u00dcber mich\u201c weiterlesen\" \/>\n<meta property=\"og:url\" content=\"https:\/\/urslischer.ch\/index.php\/ueber-mich\/\" \/>\n<meta property=\"og:site_name\" content=\"Urs Lischer Art und Design\" \/>\n<meta property=\"article:modified_time\" content=\"2020-04-28T10:27:38+00:00\" \/>\n<meta property=\"og:image\" content=\"http:\/\/urslischer.ch\/wp-content\/uploads\/2020\/04\/IMG_9669-768x1024.jpg\" \/>\n<meta name=\"twitter:card\" content=\"summary_large_image\" \/>\n<meta name=\"twitter:label1\" content=\"Gesch\u00e4tzte Lesezeit\" \/>\n\t<meta name=\"twitter:data1\" content=\"2\u00a0Minuten\" \/>\n<script type=\"application\/ld+json\" class=\"yoast-schema-graph\">{\"@context\":\"https:\\\/\\\/schema.org\",\"@graph\":[{\"@type\":\"WebPage\",\"@id\":\"https:\\\/\\\/urslischer.ch\\\/index.php\\\/ueber-mich\\\/\",\"url\":\"https:\\\/\\\/urslischer.ch\\\/index.php\\\/ueber-mich\\\/\",\"name\":\"\u00dcber mich - Urs Lischer Art und Design\",\"isPartOf\":{\"@id\":\"https:\\\/\\\/urslischer.ch\\\/#website\"},\"primaryImageOfPage\":{\"@id\":\"https:\\\/\\\/urslischer.ch\\\/index.php\\\/ueber-mich\\\/#primaryimage\"},\"image\":{\"@id\":\"https:\\\/\\\/urslischer.ch\\\/index.php\\\/ueber-mich\\\/#primaryimage\"},\"thumbnailUrl\":\"http:\\\/\\\/urslischer.ch\\\/wp-content\\\/uploads\\\/2020\\\/04\\\/IMG_9669-768x1024.jpg\",\"datePublished\":\"2019-02-20T21:32:54+00:00\",\"dateModified\":\"2020-04-28T10:27:38+00:00\",\"breadcrumb\":{\"@id\":\"https:\\\/\\\/urslischer.ch\\\/index.php\\\/ueber-mich\\\/#breadcrumb\"},\"inLanguage\":\"de\",\"potentialAction\":[{\"@type\":\"ReadAction\",\"target\":[\"https:\\\/\\\/urslischer.ch\\\/index.php\\\/ueber-mich\\\/\"]}]},{\"@type\":\"ImageObject\",\"inLanguage\":\"de\",\"@id\":\"https:\\\/\\\/urslischer.ch\\\/index.php\\\/ueber-mich\\\/#primaryimage\",\"url\":\"https:\\\/\\\/urslischer.ch\\\/wp-content\\\/uploads\\\/2020\\\/04\\\/IMG_9669-scaled.jpg\",\"contentUrl\":\"https:\\\/\\\/urslischer.ch\\\/wp-content\\\/uploads\\\/2020\\\/04\\\/IMG_9669-scaled.jpg\",\"width\":1920,\"height\":2560},{\"@type\":\"BreadcrumbList\",\"@id\":\"https:\\\/\\\/urslischer.ch\\\/index.php\\\/ueber-mich\\\/#breadcrumb\",\"itemListElement\":[{\"@type\":\"ListItem\",\"position\":1,\"name\":\"Home\",\"item\":\"https:\\\/\\\/urslischer.ch\\\/\"},{\"@type\":\"ListItem\",\"position\":2,\"name\":\"\u00dcber mich\"}]},{\"@type\":\"WebSite\",\"@id\":\"https:\\\/\\\/urslischer.ch\\\/#website\",\"url\":\"https:\\\/\\\/urslischer.ch\\\/\",\"name\":\"Urs Lischer Art und Design\",\"description\":\"A never ending story....\",\"potentialAction\":[{\"@type\":\"SearchAction\",\"target\":{\"@type\":\"EntryPoint\",\"urlTemplate\":\"https:\\\/\\\/urslischer.ch\\\/?s={search_term_string}\"},\"query-input\":{\"@type\":\"PropertyValueSpecification\",\"valueRequired\":true,\"valueName\":\"search_term_string\"}}],\"inLanguage\":\"de\"}]}<\/script>\n<!-- \/ Yoast SEO plugin. -->","yoast_head_json":{"title":"\u00dcber mich - Urs Lischer Art und Design","robots":{"index":"index","follow":"follow","max-snippet":"max-snippet:-1","max-image-preview":"max-image-preview:large","max-video-preview":"max-video-preview:-1"},"canonical":"https:\/\/urslischer.ch\/index.php\/ueber-mich\/","og_locale":"de_DE","og_type":"article","og_title":"\u00dcber mich - Urs Lischer Art und Design","og_description":"Schon in fr\u00fchen Jahren entdeckte ich, sagt man, den Hang zur Kunst, zum Zeichnen und Malen. Meine ersten Arbeits\ufb02\u00e4chen waren jedoch vor allem die W\u00e4nde und Tapeten in der elterlichen Wohnung, was nicht zur Freude aller war&#8230; Angetan durch die F\u00e4cher Zeichnen und kreatives Gestalten war f\u00fcr mich bald einmal klar, die Kunstgewerbeschule ist das &hellip; \u201e\u00dcber mich\u201c weiterlesen","og_url":"https:\/\/urslischer.ch\/index.php\/ueber-mich\/","og_site_name":"Urs Lischer Art und Design","article_modified_time":"2020-04-28T10:27:38+00:00","og_image":[{"url":"http:\/\/urslischer.ch\/wp-content\/uploads\/2020\/04\/IMG_9669-768x1024.jpg","type":"","width":"","height":""}],"twitter_card":"summary_large_image","twitter_misc":{"Gesch\u00e4tzte Lesezeit":"2\u00a0Minuten"},"schema":{"@context":"https:\/\/schema.org","@graph":[{"@type":"WebPage","@id":"https:\/\/urslischer.ch\/index.php\/ueber-mich\/","url":"https:\/\/urslischer.ch\/index.php\/ueber-mich\/","name":"\u00dcber mich - Urs Lischer Art und Design","isPartOf":{"@id":"https:\/\/urslischer.ch\/#website"},"primaryImageOfPage":{"@id":"https:\/\/urslischer.ch\/index.php\/ueber-mich\/#primaryimage"},"image":{"@id":"https:\/\/urslischer.ch\/index.php\/ueber-mich\/#primaryimage"},"thumbnailUrl":"http:\/\/urslischer.ch\/wp-content\/uploads\/2020\/04\/IMG_9669-768x1024.jpg","datePublished":"2019-02-20T21:32:54+00:00","dateModified":"2020-04-28T10:27:38+00:00","breadcrumb":{"@id":"https:\/\/urslischer.ch\/index.php\/ueber-mich\/#breadcrumb"},"inLanguage":"de","potentialAction":[{"@type":"ReadAction","target":["https:\/\/urslischer.ch\/index.php\/ueber-mich\/"]}]},{"@type":"ImageObject","inLanguage":"de","@id":"https:\/\/urslischer.ch\/index.php\/ueber-mich\/#primaryimage","url":"https:\/\/urslischer.ch\/wp-content\/uploads\/2020\/04\/IMG_9669-scaled.jpg","contentUrl":"https:\/\/urslischer.ch\/wp-content\/uploads\/2020\/04\/IMG_9669-scaled.jpg","width":1920,"height":2560},{"@type":"BreadcrumbList","@id":"https:\/\/urslischer.ch\/index.php\/ueber-mich\/#breadcrumb","itemListElement":[{"@type":"ListItem","position":1,"name":"Home","item":"https:\/\/urslischer.ch\/"},{"@type":"ListItem","position":2,"name":"\u00dcber mich"}]},{"@type":"WebSite","@id":"https:\/\/urslischer.ch\/#website","url":"https:\/\/urslischer.ch\/","name":"Urs Lischer Art und Design","description":"A never ending story....","potentialAction":[{"@type":"SearchAction","target":{"@type":"EntryPoint","urlTemplate":"https:\/\/urslischer.ch\/?s={search_term_string}"},"query-input":{"@type":"PropertyValueSpecification","valueRequired":true,"valueName":"search_term_string"}}],"inLanguage":"de"}]}},"_links":{"self":[{"href":"https:\/\/urslischer.ch\/index.php\/wp-json\/wp\/v2\/pages\/37","targetHints":{"allow":["GET"]}}],"collection":[{"href":"https:\/\/urslischer.ch\/index.php\/wp-json\/wp\/v2\/pages"}],"about":[{"href":"https:\/\/urslischer.ch\/index.php\/wp-json\/wp\/v2\/types\/page"}],"author":[{"embeddable":true,"href":"https:\/\/urslischer.ch\/index.php\/wp-json\/wp\/v2\/users\/1"}],"replies":[{"embeddable":true,"href":"https:\/\/urslischer.ch\/index.php\/wp-json\/wp\/v2\/comments?post=37"}],"version-history":[{"count":5,"href":"https:\/\/urslischer.ch\/index.php\/wp-json\/wp\/v2\/pages\/37\/revisions"}],"predecessor-version":[{"id":519,"href":"https:\/\/urslischer.ch\/index.php\/wp-json\/wp\/v2\/pages\/37\/revisions\/519"}],"wp:attachment":[{"href":"https:\/\/urslischer.ch\/index.php\/wp-json\/wp\/v2\/media?parent=37"}],"curies":[{"name":"wp","href":"https:\/\/api.w.org\/{rel}","templated":true}]}}